{"id":3403,"date":"2021-10-09T07:36:41","date_gmt":"2021-10-09T00:36:41","guid":{"rendered":"https:\/\/chillcocktail.com\/cau-hoi-thuong-gap\/"},"modified":"2025-12-04T14:41:20","modified_gmt":"2025-12-04T07:41:20","slug":"cau-hoi-thuong-gap-en","status":"publish","type":"page","link":"https:\/\/chillcocktail.com\/en\/cau-hoi-thuong-gap\/","title":{"rendered":"Frequently Asked Questions"},"content":{"rendered":"\t\t<div data-elementor-type=\"wp-page\" data-elementor-id=\"3403\" class=\"elementor elementor-3403 elementor-416\" data-elementor-settings=\"[]\">\n\t\t\t\t\t\t\t<div class=\"elementor-section-wrap\">\n\t\t\t\t\t\t\t<section class=\"elementor-section elementor-top-section elementor-element elementor-element-3ff1e8b elementor-section-boxed elementor-section-height-default elementor-section-height-default\" data-id=\"3ff1e8b\" data-element_type=\"section\">\n\t\t\t\t\t\t<div class=\"elementor-container elementor-column-gap-default\">\n\t\t\t\t\t<div class=\"elementor-column elementor-col-100 elementor-top-column elementor-element elementor-element-45ad203\" data-id=\"45ad203\" data-element_type=\"column\">\n\t\t\t<div class=\"elementor-widget-wrap elementor-element-populated\">\n\t\t\t\t\t\t\t\t<section class=\"elementor-section elementor-inner-section elementor-element elementor-element-2b27cf9 elementor-section-boxed elementor-section-height-default elementor-section-height-default\" data-id=\"2b27cf9\" data-element_type=\"section\">\n\t\t\t\t\t\t<div class=\"elementor-container elementor-column-gap-default\">\n\t\t\t\t\t<div class=\"elementor-column elementor-col-100 elementor-inner-column elementor-element elementor-element-039159a\" data-id=\"039159a\" data-element_type=\"column\">\n\t\t\t<div class=\"elementor-widget-wrap elementor-element-populated\">\n\t\t\t\t\t\t\t\t<div class=\"elementor-element elementor-element-160fc2d elementor-widget elementor-widget-heading\" data-id=\"160fc2d\" data-element_type=\"widget\" data-widget_type=\"heading.default\">\n\t\t\t\t<div class=\"elementor-widget-container\">\n\t\t\t<h2 class=\"elementor-heading-title elementor-size-default\">C\u00c2U H\u1eceI TH\u01af\u1edcNG G\u1eb6P<\/h2>\t\t<\/div>\n\t\t\t\t<\/div>\n\t\t\t\t<div class=\"elementor-element elementor-element-23afa3f elementor-widget elementor-widget-text-editor\" data-id=\"23afa3f\" data-element_type=\"widget\" data-widget_type=\"text-editor.default\">\n\t\t\t\t<div class=\"elementor-widget-container\">\n\t\t\t\t\t\t\t<p>B\u1ea1n c\u00f3 c\u00e2u h\u1ecfi v\u1ec1 Chill Cocktail? <span style=\"font-weight: 400;\">H\u00e3y xem tr\u1ea3 l\u1eddi b\u00ean d\u01b0\u1edbi. <\/span><\/p><p>N\u1ebfu kh\u00f4ng th\u1ea5y c\u00e2u tr\u1ea3 l\u1eddi m\u00e0 b\u1ea1n \u0111ang t\u00ecm ki\u1ebfm \u1edf \u0111\u00e2y, h\u00e3y <a href=\"https:\/\/chillcocktail.com\/contact-us\/\">li\u00ean h\u1ec7<\/a> v\u1edbi ch\u00fang t\u00f4i.<\/p>\t\t\t\t\t\t<\/div>\n\t\t\t\t<\/div>\n\t\t\t\t\t<\/div>\n\t\t<\/div>\n\t\t\t\t\t\t\t<\/div>\n\t\t<\/section>\n\t\t\t\t<section class=\"elementor-section elementor-inner-section elementor-element elementor-element-d30e2aa elementor-section-boxed elementor-section-height-default elementor-section-height-default\" data-id=\"d30e2aa\" data-element_type=\"section\">\n\t\t\t\t\t\t<div class=\"elementor-container elementor-column-gap-default\">\n\t\t\t\t\t<div class=\"elementor-column elementor-col-100 elementor-inner-column elementor-element elementor-element-f1dbc5c\" data-id=\"f1dbc5c\" data-element_type=\"column\">\n\t\t\t<div class=\"elementor-widget-wrap elementor-element-populated\">\n\t\t\t\t\t\t\t\t<div class=\"elementor-element elementor-element-65c3e04 elementor-widget elementor-widget-jet-accordion\" data-id=\"65c3e04\" data-element_type=\"widget\" data-widget_type=\"jet-accordion.default\">\n\t\t\t\t<div class=\"elementor-widget-container\">\n\t\t\t\t\t<div class=\"jet-accordion\" data-settings=\"{&quot;collapsible&quot;:false,&quot;ajaxTemplate&quot;:false}\" role=\"tablist\">\n\t\t\t<div class=\"jet-accordion__inner\">\n\t\t\t\t<div class=\"jet-accordion__item jet-toggle jet-toggle-move-up-effect \">\n\t\t\t\t\t\t\t<div id=\"jet-toggle-control-1061\" class=\"jet-toggle__control elementor-menu-anchor\" data-toggle=\"1\" role=\"tab\" aria-controls=\"jet-toggle-content-1061\" aria-expanded=\"false\" data-template-id=\"false\">\n\t\t\t\t\t\t\t\t<div class=\"jet-toggle__label-icon jet-toggle-icon-position-right\"><span class=\"jet-toggle__icon icon-normal jet-tabs-icon\"><i aria-hidden=\"true\" class=\"fas fa-plus\"><\/i><\/span><span class=\"jet-toggle__icon icon-active jet-tabs-icon\"><i aria-hidden=\"true\" class=\"fas fa-minus\"><\/i><\/span><\/div><div class=\"jet-toggle__label-text\">CHILL COCKTAIL L\u00c0 G\u00cc?<\/div>\t\t\t\t\t\t\t<\/div>\n\t\t\t\t\t\t\t<div id=\"jet-toggle-content-1061\" class=\"jet-toggle__content\" data-toggle=\"1\" role=\"tabpanel\" aria-hidden=\"true\" data-template-id=\"false\">\n\t\t\t\t\t\t\t\t<div class=\"jet-toggle__content-inner\"><p>Chill Cocktail \u0111\u01b0\u1ee3c t\u1ea1o n\u00ean t\u1eeb ngh\u1ec7 thu\u1eadt pha ch\u1ebf k\u1ebft h\u1ee3p tr\u00e1i c\u00e2y, th\u1ea3o m\u1ed9c v\u00e0 r\u01b0\u1ee3u cao c\u1ea5p, mang \u0111\u1ebfn v\u1ecb ngon d\u1ec5 u\u1ed1ng, h\u1eadu v\u1ecb ng\u1ecdt \u00eam s\u1ea3ng kho\u00e1i, lan to\u1ea3 vibe Chill trong t\u1eebng kho\u1ea3nh kh\u1eafc v\u00e0 tr\u1edf th\u00e0nh s\u1ef1 l\u1ef1a ch\u1ecdn c\u1ee7a ng\u01b0\u1eddi tr\u1ebb.<\/p><\/div>\n\t\t\t\t\t\t\t<\/div>\n\t\t\t\t\t\t<\/div><div class=\"jet-accordion__item jet-toggle jet-toggle-move-up-effect \">\n\t\t\t\t\t\t\t<div id=\"jet-toggle-control-1062\" class=\"jet-toggle__control elementor-menu-anchor\" data-toggle=\"2\" role=\"tab\" aria-controls=\"jet-toggle-content-1062\" aria-expanded=\"false\" data-template-id=\"false\">\n\t\t\t\t\t\t\t\t<div class=\"jet-toggle__label-icon jet-toggle-icon-position-right\"><span class=\"jet-toggle__icon icon-normal jet-tabs-icon\"><i aria-hidden=\"true\" class=\"fas fa-plus\"><\/i><\/span><span class=\"jet-toggle__icon icon-active jet-tabs-icon\"><i aria-hidden=\"true\" class=\"fas fa-minus\"><\/i><\/span><\/div><div class=\"jet-toggle__label-text\">CHILL COCKTAIL C\u00d3 NH\u1eeeNG LO\u1ea0I N\u00c0O?<\/div>\t\t\t\t\t\t\t<\/div>\n\t\t\t\t\t\t\t<div id=\"jet-toggle-content-1062\" class=\"jet-toggle__content\" data-toggle=\"2\" role=\"tabpanel\" aria-hidden=\"true\" data-template-id=\"false\">\n\t\t\t\t\t\t\t\t<div class=\"jet-toggle__content-inner\"><p>Chill Cocktail c\u00f3 3 d\u00f2ng ch\u00ednh l\u00e0:<\/p><ul><li>Chill Cocktail ORIGINAL v\u1edbi 4% n\u1ed3ng \u0111\u1ed9 c\u1ed3n \u0111\u01b0\u1ee3c \u0111\u00f3ng trong chai thanh l\u1ecbch, s\u00e0nh \u0111i\u1ec7u.<\/li><li>Chill Cocktail LIGHT v\u1edbi \u0111\u1ed9 c\u1ed3n 3% \u0111\u01b0\u1ee3c \u0111\u00f3ng trong lon 320ml hi\u1ec7n \u0111\u1ea1i.<\/li><li>Chill Cocktail SAKURA c\u00f3 n\u1ed3ng \u0111\u1ed9 t\u1eeb 3%, trong di\u1ec7n m\u1ea1o lon 250ml thanh tho\u00e1t.<\/li><\/ul><\/div>\n\t\t\t\t\t\t\t<\/div>\n\t\t\t\t\t\t<\/div><div class=\"jet-accordion__item jet-toggle jet-toggle-move-up-effect \">\n\t\t\t\t\t\t\t<div id=\"jet-toggle-control-1063\" class=\"jet-toggle__control elementor-menu-anchor\" data-toggle=\"3\" role=\"tab\" aria-controls=\"jet-toggle-content-1063\" aria-expanded=\"false\" data-template-id=\"false\">\n\t\t\t\t\t\t\t\t<div class=\"jet-toggle__label-icon jet-toggle-icon-position-right\"><span class=\"jet-toggle__icon icon-normal jet-tabs-icon\"><i aria-hidden=\"true\" class=\"fas fa-plus\"><\/i><\/span><span class=\"jet-toggle__icon icon-active jet-tabs-icon\"><svg xmlns=\"http:\/\/www.w3.org\/2000\/svg\" id=\"Layer_1\" data-name=\"Layer 1\" viewBox=\"0 0 3.9 36\"><defs><style>.cls-1{fill:#fff;}<\/style><\/defs><rect class=\"cls-1\" width=\"3.9\" height=\"36\" rx=\"1\"><\/rect><\/svg><\/span><\/div><div class=\"jet-toggle__label-text\">HI\u1ec6N T\u1ea0I CHILL COCKTAIL C\u00d3 BAO NHI\u00caU V\u1eca?<\/div>\t\t\t\t\t\t\t<\/div>\n\t\t\t\t\t\t\t<div id=\"jet-toggle-content-1063\" class=\"jet-toggle__content\" data-toggle=\"3\" role=\"tabpanel\" aria-hidden=\"true\" data-template-id=\"false\">\n\t\t\t\t\t\t\t\t<div class=\"jet-toggle__content-inner\"><ul><li>D\u00f2ng Chill Cocktail Original bao g\u1ed3m 6 h\u01b0\u01a1ng v\u1ecb: Chill \u0110\u00e0o, Chill V\u1ea3i, Chill D\u00e2u, Chill Vi\u1ec7t Qu\u1ea5t, Chill Nho v\u00e0 Chill Cam.<\/li><li>D\u00f2ng Chill Cocktail Light bao g\u1ed3m 6 h\u01b0\u01a1ng v\u1ecb:\u00a0 Chill \u0110\u00e0o, Chill V\u1ea3i, Chill D\u00e2u, Chill Vi\u1ec7t Qu\u1ea5t, Chill Nho v\u00e0 Chill Cam.<\/li><li>D\u00f2ng Chill Cocktail Sakura bao g\u1ed3m 3 h\u01b0\u01a1ng v\u1ecb: Chill Sakura V\u1ea3i Sake, Chill Sakura Cam Yuzu Sake v\u00e0 Chill Sakura D\u01b0a H\u1ea5u Sake.<\/li><\/ul><\/div>\n\t\t\t\t\t\t\t<\/div>\n\t\t\t\t\t\t<\/div><div class=\"jet-accordion__item jet-toggle jet-toggle-move-up-effect \">\n\t\t\t\t\t\t\t<div id=\"jet-toggle-control-1064\" class=\"jet-toggle__control elementor-menu-anchor\" data-toggle=\"4\" role=\"tab\" aria-controls=\"jet-toggle-content-1064\" aria-expanded=\"false\" data-template-id=\"false\">\n\t\t\t\t\t\t\t\t<div class=\"jet-toggle__label-icon jet-toggle-icon-position-right\"><span class=\"jet-toggle__icon icon-normal jet-tabs-icon\"><i aria-hidden=\"true\" class=\"fas fa-plus\"><\/i><\/span><span class=\"jet-toggle__icon icon-active jet-tabs-icon\"><svg xmlns=\"http:\/\/www.w3.org\/2000\/svg\" id=\"Layer_1\" data-name=\"Layer 1\" viewBox=\"0 0 3.9 36\"><defs><style>.cls-1{fill:#fff;}<\/style><\/defs><rect class=\"cls-1\" width=\"3.9\" height=\"36\" rx=\"1\"><\/rect><\/svg><\/span><\/div><div class=\"jet-toggle__label-text\">\u0110\u1ed8 C\u1ed2N TRONG CHILL COCKTAIL L\u00c0 BAO NHI\u00caU?<\/div>\t\t\t\t\t\t\t<\/div>\n\t\t\t\t\t\t\t<div id=\"jet-toggle-content-1064\" class=\"jet-toggle__content\" data-toggle=\"4\" role=\"tabpanel\" aria-hidden=\"true\" data-template-id=\"false\">\n\t\t\t\t\t\t\t\t<div class=\"jet-toggle__content-inner\"><ul><li>Chill Cocktail Original c\u00f3 \u0111\u1ed9 c\u1ed3n l\u00e0 4%.\u00a0<\/li><li>Chill Cocktail Sakura c\u00f3 \u0111\u1ed9 c\u1ed3n l\u00e0 3%.\u00a0<\/li><li>Chill Cocktail Light c\u00f3 \u0111\u1ed9 c\u1ed3n l\u00e0 3%.<\/li><li>N\u1ebfu b\u1ea1n c\u00f3 th\u1eafc m\u1eafc v\u1ec1 s\u1ea3n ph\u1ea9m, h\u00e3y li\u00ean h\u1ec7 <span style=\"font-weight: 400;\">Hotline 1900 633315, ho\u1eb7c g\u1eedi th\u00f4ng tin v\u1ec1 email: <a href=\"mailto:cs@goodyvietnam.com\" target=\"_blank\" rel=\"noopener\">cs@goodyvietnam.com<\/a> <\/span><span style=\"font-weight: 400;\">\u0111\u1ec3 s\u1edbm \u0111\u01b0\u1ee3c gi\u1ea3i \u0111\u00e1p.<\/span><\/li><\/ul><\/div>\n\t\t\t\t\t\t\t<\/div>\n\t\t\t\t\t\t<\/div><div class=\"jet-accordion__item jet-toggle jet-toggle-move-up-effect \">\n\t\t\t\t\t\t\t<div id=\"jet-toggle-control-1065\" class=\"jet-toggle__control elementor-menu-anchor\" data-toggle=\"5\" role=\"tab\" aria-controls=\"jet-toggle-content-1065\" aria-expanded=\"false\" data-template-id=\"false\">\n\t\t\t\t\t\t\t\t<div class=\"jet-toggle__label-icon jet-toggle-icon-position-right\"><span class=\"jet-toggle__icon icon-normal jet-tabs-icon\"><i aria-hidden=\"true\" class=\"fas fa-plus\"><\/i><\/span><span class=\"jet-toggle__icon icon-active jet-tabs-icon\"><svg xmlns=\"http:\/\/www.w3.org\/2000\/svg\" id=\"Layer_1\" data-name=\"Layer 1\" viewBox=\"0 0 3.9 36\"><defs><style>.cls-1{fill:#fff;}<\/style><\/defs><rect class=\"cls-1\" width=\"3.9\" height=\"36\" rx=\"1\"><\/rect><\/svg><\/span><\/div><div class=\"jet-toggle__label-text\">T\u00d4I C\u00d3 TH\u1ec2 T\u00ccM MUA  CHILL COCKTAIL \u1ede \u0110\u00c2U?<\/div>\t\t\t\t\t\t\t<\/div>\n\t\t\t\t\t\t\t<div id=\"jet-toggle-content-1065\" class=\"jet-toggle__content\" data-toggle=\"5\" role=\"tabpanel\" aria-hidden=\"true\" data-template-id=\"false\">\n\t\t\t\t\t\t\t\t<div class=\"jet-toggle__content-inner\"><p><span class=\"text\">T\u00ecm hi\u1ec3u v\u00e0 mua ngay Chill Cocktail t\u1ea1i: <\/span><\/p><p><span class=\"text\">\u25ba C\u00e1c h\u1ec7 th\u1ed1ng si\u00eau th\u1ecb: Emart, Co.opmart, Winmart, Mega Market, Co.opXtra, Lotte Mart, Big C, B\u00e1ch H\u00f3a Xanh, \u00c2n Nam Gourmet,&#8230; <\/span><\/p><p><span class=\"text\">\u25ba C\u00e1c h\u1ec7 th\u1ed1ng c\u1eeda h\u00e0ng ti\u1ec7n l\u1ee3i: Circle K, Ministop, Family Mart, Cheers, GS25,,\u2026 <\/span><\/p><p><span class=\"text\">\u25ba Shopee: <\/span><a class=\"text-is-link\" target=\"_blank\" rel=\"noopener noreferrer\" data-z-element-type=\"link\">shopee.vn\/chillcocktail<\/a><\/p><p><span class=\"text\">\u25ba Lazada: <\/span><a class=\"text-is-link\" target=\"_blank\" rel=\"noopener noreferrer\" data-z-element-type=\"link\">lazada.vn\/shop\/chill-cocktail<\/a><\/p><p><span class=\"text\">\u25ba Hotline: <\/span><a class=\"text-is-phone-number\" data-z-element-type=\"phone-number\">1900 633315<\/a><\/p><\/div>\n\t\t\t\t\t\t\t<\/div>\n\t\t\t\t\t\t<\/div><div class=\"jet-accordion__item jet-toggle jet-toggle-move-up-effect \">\n\t\t\t\t\t\t\t<div id=\"jet-toggle-control-1066\" class=\"jet-toggle__control elementor-menu-anchor\" data-toggle=\"6\" role=\"tab\" aria-controls=\"jet-toggle-content-1066\" aria-expanded=\"false\" data-template-id=\"false\">\n\t\t\t\t\t\t\t\t<div class=\"jet-toggle__label-icon jet-toggle-icon-position-right\"><span class=\"jet-toggle__icon icon-normal jet-tabs-icon\"><i aria-hidden=\"true\" class=\"fas fa-plus\"><\/i><\/span><span class=\"jet-toggle__icon icon-active jet-tabs-icon\"><svg xmlns=\"http:\/\/www.w3.org\/2000\/svg\" id=\"Layer_1\" data-name=\"Layer 1\" viewBox=\"0 0 3.9 36\"><defs><style>.cls-1{fill:#fff;}<\/style><\/defs><rect class=\"cls-1\" width=\"3.9\" height=\"36\" rx=\"1\"><\/rect><\/svg><\/span><\/div><div class=\"jet-toggle__label-text\">N\u1ebeU C\u00d3 B\u1ea4T K\u1ef2 C\u00c2U H\u1eceI HAY TH\u1eaeC M\u1eaeC LI\u00caN QUAN T\u1edaI S\u1ea2N PH\u1ea8M, T\u00d4I C\u00d3 TH\u1ec2 LI\u00caN H\u1ec6 B\u1eb0NG C\u00c1CH N\u00c0O?<\/div>\t\t\t\t\t\t\t<\/div>\n\t\t\t\t\t\t\t<div id=\"jet-toggle-content-1066\" class=\"jet-toggle__content\" data-toggle=\"6\" role=\"tabpanel\" aria-hidden=\"true\" data-template-id=\"false\">\n\t\t\t\t\t\t\t\t<div class=\"jet-toggle__content-inner\"><p><span style=\"font-weight: 400;\">Chill Cocktail r\u1ea5t vui khi b\u1ea1n k\u1ebft n\u1ed1i v\u1edbi ch\u00fang t\u00f4i. \u0110\u1ec3 b\u1ed9 ph\u1eadn chuy\u00ean tr\u00e1ch h\u1ed7 tr\u1ee3 b\u1ea1n t\u1ed1t nh\u1ea5t v\u00e0 nhanh nh\u1ea5t, vui l\u00f2ng li\u00ean h\u1ec7 Hotline <\/span><span style=\"font-weight: 400;\">1900 633315, ho\u1eb7c g\u1eedi th\u00f4ng tin v\u1ec1 email: <a href=\"mailto:cs@goodyvietnam.com\" target=\"_blank\" rel=\"noopener\">cs@goodyvietnam.com<\/a><\/span><\/p><\/div>\n\t\t\t\t\t\t\t<\/div>\n\t\t\t\t\t\t<\/div><div class=\"jet-accordion__item jet-toggle jet-toggle-move-up-effect \">\n\t\t\t\t\t\t\t<div id=\"jet-toggle-control-1067\" class=\"jet-toggle__control elementor-menu-anchor\" data-toggle=\"7\" role=\"tab\" aria-controls=\"jet-toggle-content-1067\" aria-expanded=\"false\" data-template-id=\"false\">\n\t\t\t\t\t\t\t\t<div class=\"jet-toggle__label-icon jet-toggle-icon-position-right\"><span class=\"jet-toggle__icon icon-normal jet-tabs-icon\"><i aria-hidden=\"true\" class=\"fas fa-plus\"><\/i><\/span><span class=\"jet-toggle__icon icon-active jet-tabs-icon\"><i aria-hidden=\"true\" class=\"fas fa-minus\"><\/i><\/span><\/div><div class=\"jet-toggle__label-text\">T\u00d4I MU\u1ed0N L\u00c0M \u0110\u1ea0I L\u00dd C\u1ee6A CHILL COCKTAIL TH\u00cc LI\u00caN H\u1ec6 AI?<\/div>\t\t\t\t\t\t\t<\/div>\n\t\t\t\t\t\t\t<div id=\"jet-toggle-content-1067\" class=\"jet-toggle__content\" data-toggle=\"7\" role=\"tabpanel\" aria-hidden=\"true\" data-template-id=\"false\">\n\t\t\t\t\t\t\t\t<div class=\"jet-toggle__content-inner\"><p><span style=\"font-weight: 400;\">Chill Cocktail r\u1ea5t vui khi b\u1ea1n quan t\u00e2m \u0111\u1ebfn vi\u1ec7c tr\u1edf th\u00e0nh \u0111\u1ea1i l\u00fd ph\u00e2n ph\u1ed1i. H\u00e3y li\u00ean h\u1ec7 Hotline: 1900 633315, ho\u1eb7c g\u1eedi th\u00f4ng tin v\u1ec1 email: <a href=\"mailto:cs@goodyvietnam.com\" target=\"_blank\" rel=\"noopener\">cs@goodyvietnam.com<\/a><\/span><span style=\"font-weight: 400;\">, b\u1ed9 ph\u1eadn chuy\u00ean tr\u00e1ch s\u1ebd s\u1edbm th\u00f4ng tin \u0111\u1ebfn b\u1ea1n. <\/span><\/p><\/div>\n\t\t\t\t\t\t\t<\/div>\n\t\t\t\t\t\t<\/div><div class=\"jet-accordion__item jet-toggle jet-toggle-move-up-effect \">\n\t\t\t\t\t\t\t<div id=\"jet-toggle-control-1068\" class=\"jet-toggle__control elementor-menu-anchor\" data-toggle=\"8\" role=\"tab\" aria-controls=\"jet-toggle-content-1068\" aria-expanded=\"false\" data-template-id=\"false\">\n\t\t\t\t\t\t\t\t<div class=\"jet-toggle__label-icon jet-toggle-icon-position-right\"><span class=\"jet-toggle__icon icon-normal jet-tabs-icon\"><i aria-hidden=\"true\" class=\"fas fa-plus\"><\/i><\/span><span class=\"jet-toggle__icon icon-active jet-tabs-icon\"><i aria-hidden=\"true\" class=\"fas fa-minus\"><\/i><\/span><\/div><div class=\"jet-toggle__label-text\">T\u00d4I MU\u1ed0N B\u00c1N CHILL COCKTAIL TRONG QU\u00c1N C\u1ee6A T\u00d4I TH\u00cc LI\u00caN H\u1ec6 AI?<\/div>\t\t\t\t\t\t\t<\/div>\n\t\t\t\t\t\t\t<div id=\"jet-toggle-content-1068\" class=\"jet-toggle__content\" data-toggle=\"8\" role=\"tabpanel\" aria-hidden=\"true\" data-template-id=\"false\">\n\t\t\t\t\t\t\t\t<div class=\"jet-toggle__content-inner\"><p><span style=\"font-weight: 400;\">Ch\u00fang t\u00f4i r\u1ea5t vui khi b\u1ea1n mu\u1ed1n b\u00e1n Chill Cocktail trong qu\u00e1n c\u1ee7a m\u00ecnh. H\u00e3y li\u00ean h\u1ec7 Hotline: 1900 633315, ho\u1eb7c g\u1eedi th\u00f4ng tin v\u1ec1 email: <a href=\"mailto:cs@goodyvietnam.com\" target=\"_blank\" rel=\"noopener\">cs@goodyvietnam.com<\/a><\/span><span style=\"font-weight: 400;\">, b\u1ed9 ph\u1eadn chuy\u00ean tr\u00e1ch s\u1ebd s\u1edbm th\u00f4ng tin \u0111\u1ebfn b\u1ea1n.\u00a0<\/span><\/p><\/div>\n\t\t\t\t\t\t\t<\/div>\n\t\t\t\t\t\t<\/div>\t\t\t<\/div>\n\t\t<\/div>\n\t\t\t\t<\/div>\n\t\t\t\t<\/div>\n\t\t\t\t\t<\/div>\n\t\t<\/div>\n\t\t\t\t\t\t\t<\/div>\n\t\t<\/section>\n\t\t\t\t\t<\/div>\n\t\t<\/div>\n\t\t\t\t\t\t\t<\/div>\n\t\t<\/section>\n\t\t\t\t\t\t<\/div>\n\t\t\t\t\t<\/div>\n\t\t","protected":false},"excerpt":{"rendered":"<p>C\u00c2U H\u1eceI TH\u01af\u1edcNG G\u1eb6P B\u1ea1n c\u00f3 c\u00e2u h\u1ecfi v\u1ec1 Chill Cocktail? H\u00e3y xem tr\u1ea3 l\u1eddi b\u00ean d\u01b0\u1edbi. N\u1ebfu kh\u00f4ng th\u1ea5y c\u00e2u tr\u1ea3 l\u1eddi m\u00e0 b\u1ea1n \u0111ang t\u00ecm ki\u1ebfm \u1edf \u0111\u00e2y, h\u00e3y li\u00ean h\u1ec7 v\u1edbi ch\u00fang t\u00f4i. CHILL COCKTAIL L\u00c0 G\u00cc? Chill Cocktail \u0111\u01b0\u1ee3c t\u1ea1o n\u00ean t\u1eeb ngh\u1ec7 thu\u1eadt pha ch\u1ebf k\u1ebft h\u1ee3p tr\u00e1i c\u00e2y, th\u1ea3o &hellip;<\/p>\n<p class=\"read-more\"> <a class=\"\" href=\"https:\/\/chillcocktail.com\/en\/cau-hoi-thuong-gap\/\"> <span class=\"screen-reader-text\">Frequently Asked Questions<\/span> Read More \u00bb<\/a><\/p>\n","protected":false},"author":1,"featured_media":0,"parent":0,"menu_order":0,"comment_status":"closed","ping_status":"closed","template":"elementor_header_footer","meta":{"site-sidebar-layout":"no-sidebar","site-content-layout":"page-builder","ast-main-header-display":"","ast-hfb-above-header-display":"","ast-hfb-below-header-display":"","ast-hfb-mobile-header-display":"","site-post-title":"disabled","ast-breadcrumbs-content":"","ast-featured-img":"disabled","footer-sml-layout":"","theme-transparent-header-meta":"default","adv-header-id-meta":"","stick-header-meta":"default","header-above-stick-meta":"","header-main-stick-meta":"","header-below-stick-meta":"","footnotes":""},"class_list":["post-3403","page","type-page","status-publish","hentry"],"_links":{"self":[{"href":"https:\/\/chillcocktail.com\/en\/wp-json\/wp\/v2\/pages\/3403","targetHints":{"allow":["GET"]}}],"collection":[{"href":"https:\/\/chillcocktail.com\/en\/wp-json\/wp\/v2\/pages"}],"about":[{"href":"https:\/\/chillcocktail.com\/en\/wp-json\/wp\/v2\/types\/page"}],"author":[{"embeddable":true,"href":"https:\/\/chillcocktail.com\/en\/wp-json\/wp\/v2\/users\/1"}],"replies":[{"embeddable":true,"href":"https:\/\/chillcocktail.com\/en\/wp-json\/wp\/v2\/comments?post=3403"}],"version-history":[{"count":3,"href":"https:\/\/chillcocktail.com\/en\/wp-json\/wp\/v2\/pages\/3403\/revisions"}],"predecessor-version":[{"id":3622,"href":"https:\/\/chillcocktail.com\/en\/wp-json\/wp\/v2\/pages\/3403\/revisions\/3622"}],"wp:attachment":[{"href":"https:\/\/chillcocktail.com\/en\/wp-json\/wp\/v2\/media?parent=3403"}],"curies":[{"name":"wp","href":"https:\/\/api.w.org\/{rel}","templated":true}]}}