{"id":3480,"date":"2021-10-08T16:08:21","date_gmt":"2021-10-08T09:08:21","guid":{"rendered":"https:\/\/chillcocktail.com\/intro\/"},"modified":"2025-12-04T14:14:42","modified_gmt":"2025-12-04T07:14:42","slug":"intro","status":"publish","type":"page","link":"https:\/\/chillcocktail.com\/en\/","title":{"rendered":"Intro"},"content":{"rendered":"\t\t<div data-elementor-type=\"wp-page\" data-elementor-id=\"3480\" class=\"elementor elementor-3480 elementor-304\" data-elementor-settings=\"[]\">\n\t\t\t\t\t\t\t<div class=\"elementor-section-wrap\">\n\t\t\t\t\t\t\t<section class=\"elementor-section elementor-top-section elementor-element elementor-element-fd2cd20 elementor-section-height-min-height elementor-section-boxed elementor-section-height-default elementor-section-items-middle\" data-id=\"fd2cd20\" data-element_type=\"section\">\n\t\t\t\t\t\t<div class=\"elementor-container elementor-column-gap-default\">\n\t\t\t\t\t<div class=\"elementor-column elementor-col-100 elementor-top-column elementor-element elementor-element-8bc74f2\" data-id=\"8bc74f2\" data-element_type=\"column\">\n\t\t\t<div class=\"elementor-widget-wrap elementor-element-populated\">\n\t\t\t\t\t\t\t\t<section class=\"elementor-section elementor-inner-section elementor-element elementor-element-94bbbbf elementor-section-boxed elementor-section-height-default elementor-section-height-default\" data-id=\"94bbbbf\" data-element_type=\"section\">\n\t\t\t\t\t\t<div class=\"elementor-container elementor-column-gap-default\">\n\t\t\t\t\t<div class=\"elementor-column elementor-col-100 elementor-inner-column elementor-element elementor-element-a793b0d\" data-id=\"a793b0d\" data-element_type=\"column\">\n\t\t\t<div class=\"elementor-widget-wrap elementor-element-populated\">\n\t\t\t\t\t\t\t\t<div class=\"elementor-element elementor-element-a0d3110 elementor-widget elementor-widget-image\" data-id=\"a0d3110\" data-element_type=\"widget\" data-widget_type=\"image.default\">\n\t\t\t\t<div class=\"elementor-widget-container\">\n\t\t\t\t\t\t\t\t\t\t\t\t\t\t\t<img loading=\"lazy\" decoding=\"async\" width=\"587\" height=\"168\" src=\"https:\/\/chillcocktail.com\/wp-content\/uploads\/2021\/10\/Asset-15.png\" class=\"attachment-full size-full\" alt=\"\" srcset=\"https:\/\/chillcocktail.com\/wp-content\/uploads\/2021\/10\/Asset-15.png 587w, https:\/\/chillcocktail.com\/wp-content\/uploads\/2021\/10\/Asset-15-300x86.png 300w, https:\/\/chillcocktail.com\/wp-content\/uploads\/2021\/10\/Asset-15-24x7.png 24w, https:\/\/chillcocktail.com\/wp-content\/uploads\/2021\/10\/Asset-15-36x10.png 36w, https:\/\/chillcocktail.com\/wp-content\/uploads\/2021\/10\/Asset-15-48x14.png 48w\" sizes=\"auto, (max-width: 587px) 100vw, 587px\" \/>\t\t\t\t\t\t\t\t\t\t\t\t\t\t\t<\/div>\n\t\t\t\t<\/div>\n\t\t\t\t\t<\/div>\n\t\t<\/div>\n\t\t\t\t\t\t\t<\/div>\n\t\t<\/section>\n\t\t\t\t<section class=\"elementor-section elementor-inner-section elementor-element elementor-element-ee58dae elementor-section-boxed elementor-section-height-default elementor-section-height-default\" data-id=\"ee58dae\" data-element_type=\"section\">\n\t\t\t\t\t\t<div class=\"elementor-container elementor-column-gap-default\">\n\t\t\t\t\t<div class=\"elementor-column elementor-col-100 elementor-inner-column elementor-element elementor-element-34442c4\" data-id=\"34442c4\" data-element_type=\"column\" data-settings=\"{&quot;background_background&quot;:&quot;classic&quot;}\">\n\t\t\t<div class=\"elementor-widget-wrap elementor-element-populated\">\n\t\t\t\t\t\t\t\t<div class=\"elementor-element elementor-element-7dd3c09 elementor-widget elementor-widget-heading\" data-id=\"7dd3c09\" data-element_type=\"widget\" data-widget_type=\"heading.default\">\n\t\t\t\t<div class=\"elementor-widget-container\">\n\t\t\t<p class=\"elementor-heading-title elementor-size-large\">Chill Cocktail<br>B\u1ea1n \u0111\u00e3 \u0111\u1ee7 18 tu\u1ed5i ch\u01b0a?<\/p>\t\t<\/div>\n\t\t\t\t<\/div>\n\t\t\t\t<div class=\"elementor-element elementor-element-0b38a60 elementor-widget__width-auto elementor-widget elementor-widget-button\" data-id=\"0b38a60\" data-element_type=\"widget\" data-widget_type=\"button.default\">\n\t\t\t\t<div class=\"elementor-widget-container\">\n\t\t\t\t\t<div class=\"elementor-button-wrapper\">\n\t\t\t<a href=\"https:\/\/chillcocktail.com\/trang-chu\/\" class=\"elementor-button-link elementor-button elementor-size-sm\" role=\"button\">\n\t\t\t\t\t\t<span class=\"elementor-button-content-wrapper\">\n\t\t\t\t\t\t<span class=\"elementor-button-text\">Tr\u00ean 18 tu\u1ed5i<\/span>\n\t\t<\/span>\n\t\t\t\t\t<\/a>\n\t\t<\/div>\n\t\t\t\t<\/div>\n\t\t\t\t<\/div>\n\t\t\t\t<div class=\"elementor-element elementor-element-871c4cf elementor-widget__width-auto elementor-widget elementor-widget-button\" data-id=\"871c4cf\" data-element_type=\"widget\" data-widget_type=\"button.default\">\n\t\t\t\t<div class=\"elementor-widget-container\">\n\t\t\t\t\t<div class=\"elementor-button-wrapper\">\n\t\t\t<a href=\"#elementor-action%3Aaction%3Dpopup%3Aopen%26settings%3DeyJpZCI6MzU3NSwidG9nZ2xlIjpmYWxzZX0%3D\" class=\"elementor-button-link elementor-button elementor-size-sm\" role=\"button\">\n\t\t\t\t\t\t<span class=\"elementor-button-content-wrapper\">\n\t\t\t\t\t\t<span class=\"elementor-button-text\">Ch\u01b0a \u0111\u1ee7 18 tu\u1ed5i<\/span>\n\t\t<\/span>\n\t\t\t\t\t<\/a>\n\t\t<\/div>\n\t\t\t\t<\/div>\n\t\t\t\t<\/div>\n\t\t\t\t\t<\/div>\n\t\t<\/div>\n\t\t\t\t\t\t\t<\/div>\n\t\t<\/section>\n\t\t\t\t\t<\/div>\n\t\t<\/div>\n\t\t\t\t\t\t\t<\/div>\n\t\t<\/section>\n\t\t\t\t\t\t<\/div>\n\t\t\t\t\t<\/div>\n\t\t","protected":false},"excerpt":{"rendered":"<p>Chill CocktailB\u1ea1n \u0111\u00e3 \u0111\u1ee7 18 tu\u1ed5i ch\u01b0a? Tr\u00ean 18 tu\u1ed5i Ch\u01b0a \u0111\u1ee7 18 tu\u1ed5i<\/p>\n","protected":false},"author":1,"featured_media":0,"parent":0,"menu_order":0,"comment_status":"closed","ping_status":"closed","template":"","meta":{"site-sidebar-layout":"no-sidebar","site-content-layout":"page-builder","ast-main-header-display":"disabled","ast-hfb-above-header-display":"","ast-hfb-below-header-display":"","ast-hfb-mobile-header-display":"disabled","site-post-title":"disabled","ast-breadcrumbs-content":"","ast-featured-img":"disabled","footer-sml-layout":"disabled","theme-transparent-header-meta":"default","adv-header-id-meta":"","stick-header-meta":"default","header-above-stick-meta":"","header-main-stick-meta":"","header-below-stick-meta":"","footnotes":""},"class_list":["post-3480","page","type-page","status-publish","hentry"],"_links":{"self":[{"href":"https:\/\/chillcocktail.com\/en\/wp-json\/wp\/v2\/pages\/3480","targetHints":{"allow":["GET"]}}],"collection":[{"href":"https:\/\/chillcocktail.com\/en\/wp-json\/wp\/v2\/pages"}],"about":[{"href":"https:\/\/chillcocktail.com\/en\/wp-json\/wp\/v2\/types\/page"}],"author":[{"embeddable":true,"href":"https:\/\/chillcocktail.com\/en\/wp-json\/wp\/v2\/users\/1"}],"replies":[{"embeddable":true,"href":"https:\/\/chillcocktail.com\/en\/wp-json\/wp\/v2\/comments?post=3480"}],"version-history":[{"count":1,"href":"https:\/\/chillcocktail.com\/en\/wp-json\/wp\/v2\/pages\/3480\/revisions"}],"predecessor-version":[{"id":3482,"href":"https:\/\/chillcocktail.com\/en\/wp-json\/wp\/v2\/pages\/3480\/revisions\/3482"}],"wp:attachment":[{"href":"https:\/\/chillcocktail.com\/en\/wp-json\/wp\/v2\/media?parent=3480"}],"curies":[{"name":"wp","href":"https:\/\/api.w.org\/{rel}","templated":true}]}}