{"id":3494,"date":"2021-11-25T13:57:18","date_gmt":"2021-11-25T06:57:18","guid":{"rendered":"https:\/\/chillcocktail.com\/privacy\/"},"modified":"2025-12-04T14:16:18","modified_gmt":"2025-12-04T07:16:18","slug":"privacy","status":"publish","type":"page","link":"https:\/\/chillcocktail.com\/en\/privacy\/","title":{"rendered":"Privacy"},"content":{"rendered":"\t\t<div data-elementor-type=\"wp-page\" data-elementor-id=\"3494\" class=\"elementor elementor-3494 elementor-746\" data-elementor-settings=\"[]\">\n\t\t\t\t\t\t\t<div class=\"elementor-section-wrap\">\n\t\t\t\t\t\t\t<section class=\"elementor-section elementor-top-section elementor-element elementor-element-964d895 elementor-section-full_width elementor-section-height-default elementor-section-height-default\" data-id=\"964d895\" data-element_type=\"section\">\n\t\t\t\t\t\t<div class=\"elementor-container elementor-column-gap-no\">\n\t\t\t\t\t<div class=\"elementor-column elementor-col-100 elementor-top-column elementor-element elementor-element-e3d6b5d\" data-id=\"e3d6b5d\" data-element_type=\"column\">\n\t\t\t<div class=\"elementor-widget-wrap elementor-element-populated\">\n\t\t\t\t\t\t\t\t<div class=\"elementor-element elementor-element-bd8be7c elementor-hidden-desktop elementor-hidden-tablet elementor-hidden-mobile elementor-widget elementor-widget-image\" data-id=\"bd8be7c\" data-element_type=\"widget\" data-widget_type=\"image.default\">\n\t\t\t\t<div class=\"elementor-widget-container\">\n\t\t\t\t\t\t\t\t\t\t\t\t\t\t\t<img decoding=\"async\" src=\"https:\/\/chillcocktail.com\/wp-content\/uploads\/2021\/10\/bannerndung.jpg\" title=\"\" alt=\"\" \/>\t\t\t\t\t\t\t\t\t\t\t\t\t\t\t<\/div>\n\t\t\t\t<\/div>\n\t\t\t\t\t<\/div>\n\t\t<\/div>\n\t\t\t\t\t\t\t<\/div>\n\t\t<\/section>\n\t\t\t\t<section class=\"elementor-section elementor-top-section elementor-element elementor-element-08d720b elementor-section-boxed elementor-section-height-default elementor-section-height-default\" data-id=\"08d720b\" data-element_type=\"section\">\n\t\t\t\t\t\t<div class=\"elementor-container elementor-column-gap-default\">\n\t\t\t\t\t<div class=\"elementor-column elementor-col-100 elementor-top-column elementor-element elementor-element-8d33d74\" data-id=\"8d33d74\" data-element_type=\"column\">\n\t\t\t<div class=\"elementor-widget-wrap elementor-element-populated\">\n\t\t\t\t\t\t\t\t<section class=\"elementor-section elementor-inner-section elementor-element elementor-element-24dd228 elementor-section-boxed elementor-section-height-default elementor-section-height-default\" data-id=\"24dd228\" data-element_type=\"section\">\n\t\t\t\t\t\t<div class=\"elementor-container elementor-column-gap-default\">\n\t\t\t\t\t<div class=\"elementor-column elementor-col-100 elementor-inner-column elementor-element elementor-element-4141337\" data-id=\"4141337\" data-element_type=\"column\">\n\t\t\t<div class=\"elementor-widget-wrap elementor-element-populated\">\n\t\t\t\t\t\t\t\t<div class=\"elementor-element elementor-element-54024fe elementor-widget elementor-widget-heading\" data-id=\"54024fe\" data-element_type=\"widget\" data-widget_type=\"heading.default\">\n\t\t\t\t<div class=\"elementor-widget-container\">\n\t\t\t<h2 class=\"elementor-heading-title elementor-size-default\">CH\u00cdNH S\u00c1CH B\u1ea2O M\u1eacT \n<\/h2>\t\t<\/div>\n\t\t\t\t<\/div>\n\t\t\t\t<div class=\"elementor-element elementor-element-ce23094 css_content elementor-widget elementor-widget-text-editor\" data-id=\"ce23094\" data-element_type=\"widget\" data-widget_type=\"text-editor.default\">\n\t\t\t\t<div class=\"elementor-widget-container\">\n\t\t\t\t\t\t\t<ol><li><b> T\u1ed4NG QUAN<\/b><\/li><\/ol><p>Ch\u00ednh s\u00e1ch b\u1ea3o v\u1ec7 quy\u1ec1n ri\u00eang t\u01b0 n\u00e0y \u00e1p d\u1ee5ng cho trang web t\u1ea1i \u0111\u1ecba ch\u1ec9 chillcocktail.com c\u1ee7a C\u00f4ng ty Goody Group d\u00e0nh ri\u00eang cho kh\u00e1ch h\u00e0ng s\u1eed d\u1ee5ng v\u00e0 tham gia ch\u01b0\u01a1ng tr\u00ecnh \u201cM\u1ede T\u1ee4 \u0110\u1ea6U N\u0102M &#8211; TA-R\u00d3T CHILL\u201d.<\/p><p>Vui l\u00f2ng \u0111\u1ecdc Ch\u00ednh s\u00e1ch quy\u1ec1n ri\u00eang t\u01b0 n\u00e0y tr\u01b0\u1edbc khi tham gia ch\u01b0\u01a1ng tr\u00ecnh v\u00ec n\u00f3 ch\u1ee9a nh\u1eefng th\u00f4ng tin quan tr\u1ecdng gi\u00fap b\u1ea1n hi\u1ec3u c\u00e1c th\u00f4ng l\u1ec7 c\u1ee7a ch\u00fang t\u00f4i v\u1ec1 b\u1ea5t k\u1ef3 th\u00f4ng tin c\u00e1 nh\u00e2n n\u00e0o b\u1ea1n cung c\u1ea5p cho ch\u00fang t\u00f4i.<\/p><ol start=\"2\"><li><b> D\u1eee LI\u1ec6U THU TH\u1eacP V\u00c0 C\u00c1CH S\u1eec D\u1ee4NG<\/b><\/li><\/ol><p>Ch\u00fang t\u00f4i thu th\u1eadp D\u1eef li\u1ec7u C\u00e1 nh\u00e2n, nh\u01b0 \u0111\u01b0\u1ee3c m\u00f4 t\u1ea3 b\u00ean d\u01b0\u1edbi, khi b\u1ea1n s\u1eed d\u1ee5ng c\u00e1c d\u1ecbch v\u1ee5 t\u1ea1i trang Web c\u1ee7a ch\u00fang t\u00f4i. Ch\u00fang t\u00f4i c\u00f3 th\u1ec3 s\u1eed d\u1ee5ng D\u1eef li\u1ec7u C\u00e1 nh\u00e2n n\u00e0y \u0111\u1ec3 v\u1eadn h\u00e0nh, cung c\u1ea5p, c\u1ea3i thi\u1ec7n, t\u00f9y ch\u1ec9nh, h\u1ed7 tr\u1ee3 v\u00e0 ti\u1ebfp th\u1ecb c\u00e1c d\u1ecbch v\u1ee5 c\u1ee7a ch\u00fang t\u00f4i d\u1ef1a tr\u00ean l\u1ee3i \u00edch h\u1ee3p ph\u00e1p c\u1ee7a ch\u00fang t\u00f4i ho\u1eb7c \u0111\u1ec3 tu\u00e2n th\u1ee7 ngh\u0129a v\u1ee5 ph\u00e1p l\u00fd c\u1ee7a ch\u00fang t\u00f4i. N\u1ebfu b\u1ea1n kh\u00f4ng mu\u1ed1n ch\u00fang t\u00f4i thu th\u1eadp v\u00e0 x\u1eed l\u00fd D\u1eef li\u1ec7u C\u00e1 nh\u00e2n c\u1ee7a b\u1ea1n, b\u1ea1n kh\u00f4ng th\u1ec3 s\u1eed d\u1ee5ng m\u1ed9t s\u1ed1 d\u1ecbch v\u1ee5 tr\u00ean trang Web c\u1ee7a ch\u00fang t\u00f4i.  <\/p><p>Ch\u00fang t\u00f4i \u0111\u00e3 x\u00e1c \u0111\u1ecbnh D\u1eef li\u1ec7u C\u00e1 nh\u00e2n m\u00e0 ch\u00fang t\u00f4i thu th\u1eadp, m\u1ee5c \u0111\u00edch s\u1eed d\u1ee5ng D\u1eef li\u1ec7u C\u00e1 nh\u00e2n v\u00e0 th\u1eddi h\u1ea1n ch\u00fang t\u00f4i s\u1ebd gi\u1eef l\u1ea1i D\u1eef li\u1ec7u C\u00e1 nh\u00e2n c\u1ee7a b\u1ea1n nh\u01b0 sau:<\/p><p><b>2.1. B\u1ea3o tr\u00ec v\u00e0 t\u1ed1i \u01b0u h\u00f3a trang Website c\u1ee7a ch\u00fang t\u00f4i:<\/b><\/p><p>Ch\u00fang t\u00f4i thu th\u1eadp m\u1ed9t s\u1ed1 th\u00f4ng tin nh\u1ea5t \u0111\u1ecbnh khi b\u1ea1n truy c\u1eadp trang Web c\u1ee7a ch\u00fang t\u00f4i, ch\u1eb3ng h\u1ea1n nh\u01b0 \u0111\u1ecba ch\u1ec9 IP c\u1ee7a b\u1ea1n, trang Web n\u00e0o, t\u00ean m\u00e1y t\u00ednh c\u1ee7a b\u1ea1n v\u00e0 lo\u1ea1i tr\u00ecnh duy\u1ec7t internet, nh\u1ea5p chu\u1ed9t v\u00e0 l\u01b0\u1ee3t xem. Ch\u00fang t\u00f4i s\u1ebd s\u1eed d\u1ee5ng D\u1eef li\u1ec7u c\u00e1 nh\u00e2n c\u1ee7a b\u1ea1n \u0111\u1ec3 b\u1ea3o tr\u00ec v\u00e0 ph\u00e2n t\u00edch trang Web c\u1ee7a ch\u00fang t\u00f4i v\u00e0 gi\u1ea3i quy\u1ebft c\u00e1c v\u1ea5n \u0111\u1ec1 v\u1ec1 hi\u1ec7u su\u1ea5t, \u0111\u1ec3 c\u1ea3i thi\u1ec7n t\u00ednh kh\u1ea3 d\u1ee5ng v\u00e0 b\u1ea3o m\u1eadt trang Web kh\u1ecfi c\u00e1c v\u1ea5n \u0111\u1ec1 v\u1ec1 gian l\u1eadn (v\u00ed d\u1ee5: trong tr\u01b0\u1eddng h\u1ee3p c\u1ed1 g\u1eafng \u0111\u0103ng k\u00fd v\u00e0 tham gia Ch\u01b0\u01a1ng tr\u00ecnh \u0111\u01b0\u1ee3c th\u1ef1c hi\u1ec7n khi kh\u00f4ng tu\u00e2n th\u1ee7 c\u00e1c \u0111i\u1ec1u kho\u1ea3n v\u00e0 \u0111i\u1ec1u ki\u1ec7n c\u1ee7a ch\u00fang t\u00f4i, bao g\u1ed3m nh\u01b0ng kh\u00f4ng gi\u1edbi h\u1ea1n vi\u1ec7c \u0111\u0103ng k\u00fd \u0111\u01b0\u1ee3c th\u1ef1c hi\u1ec7n b\u1edfi c\u00e1c c\u00e1 nh\u00e2n d\u01b0\u1edbi 18 tu\u1ed5i). Ph\u00e2n t\u00edch c\u0169ng cho ph\u00e9p ch\u00fang t\u00f4i ki\u1ec3m tra xem quy tr\u00ecnh \u0111\u0103ng k\u00fd qu\u00e1 tr\u00ecnh tr\u1ea3i nghi\u1ec7m c\u00f3 ho\u1ea1t \u0111\u1ed9ng hi\u1ec7u qu\u1ea3 kh\u00f4ng \u0111\u1ec3 ch\u00fang t\u00f4i c\u00f3 th\u1ec3 c\u1ea3i thi\u1ec7n, n\u1ebfu c\u00f3 th\u1ec3.  <\/p><p><b>2.2. Tham gia v\u00e0o c\u00e1c ho\u1ea1t \u0111\u1ed9ng nghi\u00ean c\u1ee9u.<\/b><\/p><p>Ch\u00fang t\u00f4i c\u00f3 th\u1ec3 y\u00eau c\u1ea7u b\u1ea1n tham gia c\u00e1c ho\u1ea1t \u0111\u1ed9ng nghi\u00ean c\u1ee9u nh\u01b0: kh\u1ea3o s\u00e1t, th\u1eed nghi\u1ec7m, h\u1ed9i th\u1ea3o, nh\u00f3m t\u1eadp trung v\u00e0 c\u00e1c ho\u1ea1t \u0111\u1ed9ng nghi\u00ean c\u1ee9u kh\u00e1c. T\u00f9y thu\u1ed9c v\u00e0o ho\u1ea1t \u0111\u1ed9ng nghi\u00ean c\u1ee9u, ch\u00fang t\u00f4i s\u1ebd thu th\u1eadp c\u00e1c b\u1ed9 D\u1eef li\u1ec7u c\u00e1 nh\u00e2n kh\u00e1c nhau. Ch\u00fang t\u00f4i s\u1ebd lu\u00f4n th\u00f4ng b\u00e1o tr\u01b0\u1edbc cho b\u1ea1n v\u1ec1 ho\u1ea1t \u0111\u1ed9ng nghi\u00ean c\u1ee9u D\u1eef li\u1ec7u c\u00e1 nh\u00e2n n\u00e0o ch\u00fang t\u00f4i s\u1ebd thu th\u1eadp v\u00e0 v\u1edbi m\u1ee5c \u0111\u00edch g\u00ec.  <\/p><p><b>2.3. B\u1ea1n c\u00f3 th\u1ec3 lu\u00f4n t\u1eeb ch\u1ed1i nh\u1eadn b\u1ea3n tin ho\u1eb7c Email c\u1ee7a ch\u00fang t\u00f4i v\u00e0 b\u1ea1n c\u00f3 th\u1ec3 kh\u00f4ng \u0111\u1ed3ng \u00fd vi\u1ec7c ch\u00fang t\u00f4i s\u1eed d\u1ee5ng D\u1eef li\u1ec7u C\u00e1 nh\u00e2n c\u1ee7a b\u1ea1n cho c\u00e1c m\u1ee5c \u0111\u00edch ti\u1ebfp th\u1ecb tr\u1ef1c ti\u1ebfp.<\/b><\/p><p>Ch\u00fang t\u00f4i s\u1eed d\u1ee5ng D\u1eef li\u1ec7u c\u00e1 nh\u00e2n n\u00e0y v\u00ec l\u1ee3i \u00edch h\u1ee3p ph\u00e1p c\u1ee7a ch\u00fang t\u00f4i, c\u00f3 th\u1ec3 l\u00e0 qu\u1ea3ng b\u00e1 s\u1ea3n ph\u1ea9m v\u00e0 d\u1ecbch v\u1ee5 c\u1ee7a m\u00ecnh t\u1edbi kh\u00e1ch h\u00e0ng v\u00e0 kh\u00e1ch truy c\u1eadp trang Web, cho ph\u00e9p ch\u00fang t\u00f4i thu h\u00fat nhi\u1ec1u kh\u00e1ch h\u00e0ng h\u01a1n, c\u1ea3i thi\u1ec7n d\u1ecbch v\u1ee5 c\u1ee7a ch\u00fang t\u00f4i v\u00e0 t\u00e0i tr\u1ee3 cho trang Web c\u1ee7a ch\u00fang t\u00f4i (th\u00f4ng qua qu\u1ea3ng c\u00e1o tr\u1ef1c tuy\u1ebfn).<\/p><p><b>2.4. M\u1ee5c \u0111\u00edch b\u00e1o c\u00e1o chi\u1ebfn l\u01b0\u1ee3c.<\/b><\/p><p>T\u1ea5t c\u1ea3 D\u1eef li\u1ec7u C\u00e1 nh\u00e2n \u0111\u01b0\u1ee3c thu th\u1eadp \u0111\u01b0\u1ee3c s\u1eed d\u1ee5ng b\u1edfi nh\u00e3n h\u00e0ng Chill Cocktail \u0111\u1ec3 t\u1ea1o c\u00e1c b\u00e1o c\u00e1o chi\u1ebfn l\u01b0\u1ee3c t\u1ed5ng h\u1ee3p, x\u00e1c \u0111\u1ecbnh c\u00e1c c\u01a1 h\u1ed9i v\u00e0 c\u1ea3i thi\u1ec7n c\u00e1c s\u1ea3n ph\u1ea9m v\u00e0 d\u1ecbch v\u1ee5 c\u1ee7a ch\u00fang t\u00f4i.<\/p><p>Ch\u00fang t\u00f4i kh\u00f4ng x\u1eed l\u00fd b\u1ea5t k\u1ef3 Danh m\u1ee5c d\u1eef li\u1ec7u c\u00e1 nh\u00e2n \u0111\u1eb7c bi\u1ec7t n\u00e0o v\u1ec1 b\u1ea1n (bao g\u1ed3m th\u00f4ng tin chi ti\u1ebft v\u1ec1 ch\u1ee7ng t\u1ed9c ho\u1eb7c s\u1eafc t\u1ed9c, t\u00edn ng\u01b0\u1ee1ng ho\u1eb7c tri\u1ebft h\u1ecdc, khuynh h\u01b0\u1edbng t\u00ecnh d\u1ee5c, quan \u0111i\u1ec3m ch\u00ednh tr\u1ecb, t\u01b0 c\u00e1ch th\u00e0nh vi\u00ean c\u00f4ng \u0111o\u00e0n, th\u00f4ng tin v\u1ec1 s\u1ee9c kh\u1ecfe ho\u1eb7c d\u1eef li\u1ec7u sinh tr\u1eafc h\u1ecdc c\u1ee7a b\u1ea1n), c\u0169ng nh\u01b0 ch\u00fang t\u00f4i kh\u00f4ng x\u1eed l\u00fd b\u1ea5t k\u1ef3 th\u00f4ng tin n\u00e0o v\u1ec1 k\u1ebft \u00e1n v\u00e0 t\u1ed9i ph\u1ea1m h\u00ecnh s\u1ef1. Ngo\u00e0i ra, D\u1eef li\u1ec7u C\u00e1 nh\u00e2n c\u0169ng s\u1ebd kh\u00f4ng \u0111\u01b0\u1ee3c s\u1eed d\u1ee5ng cho c\u00e1c m\u1ee5c \u0111\u00edch kh\u00e1c ngo\u00e0i quy \u0111\u1ecbnh t\u1ea1i Ch\u00ednh s\u00e1ch n\u00e0y n\u1ebfu b\u1ea1n ch\u01b0a \u0111\u01b0\u1ee3c th\u00f4ng b\u00e1o r\u00f5 r\u00e0ng v\u1ec1 c\u00e1c m\u1ee5c \u0111\u00edch n\u00e0y v\u00e0 \/ ho\u1eb7c \u0111\u00e3 \u0111\u01b0\u1ee3c y\u00eau c\u1ea7u \u0111\u1ed3ng \u00fd tr\u01b0\u1edbc. <\/p><ol start=\"3\"><li><b> \u0110\u1ea2M B\u1ea2O AN TO\u00c0N D\u1eee LI\u1ec6U C\u00c1 NH\u00c2N<\/b><\/li><\/ol><p>Ch\u00fang t\u00f4i \u0111\u00e3 \u0111\u01b0a ra c\u00e1c bi\u1ec7n ph\u00e1p b\u1ea3o m\u1eadt th\u00edch h\u1ee3p \u0111\u1ec3 ng\u0103n ch\u1eb7n D\u1eef li\u1ec7u C\u00e1 nh\u00e2n c\u1ee7a b\u1ea1n v\u00f4 t\u00ecnh b\u1ecb m\u1ea5t, s\u1eed d\u1ee5ng ho\u1eb7c truy c\u1eadp m\u1ed9t c\u00e1ch tr\u00e1i ph\u00e9p, b\u1ecb thay \u0111\u1ed5i ho\u1eb7c ti\u1ebft l\u1ed9. Ngo\u00e0i ra, ch\u00fang t\u00f4i gi\u1edbi h\u1ea1n quy\u1ec1n truy c\u1eadp v\u00e0o D\u1eef li\u1ec7u C\u00e1 nh\u00e2n c\u1ee7a b\u1ea1n \u0111\u1ed1i v\u1edbi nh\u1eefng nh\u00e2n vi\u00ean, \u0111\u1ea1i l\u00fd, nh\u00e0 th\u1ea7u v\u00e0 c\u00e1c b\u00ean th\u1ee9 ba kh\u00e1c c\u00f3 nhu c\u1ea7u c\u1ea7n bi\u1ebft \u0111\u1ec3 th\u1ef1c hi\u1ec7n c\u00f4ng vi\u1ec7c. <\/p><p>Tuy nhi\u00ean, vi\u1ec7c truy\u1ec1n th\u00f4ng tin qua m\u1ea1ng internet c\u00f3 th\u1ec3 kh\u00f4ng ho\u00e0n to\u00e0n an to\u00e0n v\u00e0 b\u1ea1n c\u0169ng c\u1ea7n l\u01b0u \u00fd r\u1eb1ng b\u1ea3o m\u1eadt th\u00f4ng tin ph\u1ee5 thu\u1ed9c m\u1ed9t ph\u1ea7n v\u00e0o b\u1ea3o m\u1eadt c\u1ee7a m\u00e1y t\u00ednh b\u1ea1n s\u1eed d\u1ee5ng v\u00e0 b\u1ea3o m\u1eadt b\u1ea1n s\u1eed d\u1ee5ng \u0111\u1ec3 b\u1ea3o v\u1ec7 th\u00f4ng tin t\u00e0i kho\u1ea3n v\u00e0 m\u1eadt kh\u1ea9u, v\u00ec v\u1eady h\u00e3y c\u1ea9n th\u1eadn \u0111\u1ec3 b\u1ea3o v\u1ec7 th\u00f4ng tin n\u00e0y.<\/p><p>Trang Web c\u1ee7a ch\u00fang t\u00f4i c\u00f3 th\u1ec3 bao g\u1ed3m c\u00e1c li\u00ean k\u1ebft \u0111\u1ebfn c\u00e1c trang Web, plugin v\u00e0 \u1ee9ng d\u1ee5ng c\u1ee7a b\u00ean th\u1ee9 ba. Nh\u1ea5p v\u00e0o c\u00e1c li\u00ean k\u1ebft \u0111\u00f3 ho\u1eb7c cho ph\u00e9p c\u00e1c k\u1ebft n\u1ed1i \u0111\u00f3 c\u00f3 th\u1ec3 cho ph\u00e9p c\u00e1c b\u00ean th\u1ee9 ba thu th\u1eadp ho\u1eb7c chia s\u1ebb d\u1eef li\u1ec7u v\u1ec1 b\u1ea1n. Ch\u00fang t\u00f4i kh\u00f4ng ki\u1ec3m so\u00e1t c\u00e1c trang Web, plugin ho\u1eb7c \u1ee9ng d\u1ee5ng c\u1ee7a b\u00ean th\u1ee9 ba n\u00e0y v\u00e0 kh\u00f4ng ch\u1ecbu tr\u00e1ch nhi\u1ec7m v\u1ec1 tuy\u00ean b\u1ed1 quy\u1ec1n ri\u00eang t\u01b0 c\u1ee7a h\u1ecd. Ch\u00fang t\u00f4i khuy\u1ebfn kh\u00edch b\u1ea1n \u0111\u1ecdc th\u00f4ng b\u00e1o b\u1ea3o m\u1eadt quy\u1ec1n ri\u00eang t\u01b0 c\u1ee7a m\u1ecdi trang Web b\u1ea1n truy c\u1eadp v\u00e0 d\u1ecbch v\u1ee5 \/ \u1ee9ng d\u1ee5ng c\u1ee7a b\u00ean th\u1ee9 ba m\u00e0 b\u1ea1n s\u1eed d\u1ee5ng.   <\/p><ol start=\"4\"><li><b> QUY\u1ec0N RI\u00caNG T\u01af C\u1ee6A TR\u1eba EM<\/b><\/li><\/ol><p>Trang Web n\u00e0y kh\u00f4ng d\u00e0nh cho nh\u1eefng ng\u01b0\u1eddi s\u1eed d\u1ee5ng d\u01b0\u1edbi 18 tu\u1ed5i (ho\u1eb7c \u0111\u1ed9 tu\u1ed5i h\u1ee3p ph\u00e1p \u0111\u1ec3 s\u1eed d\u1ee5ng c\u00e1c s\u1ea3n ph\u1ea9m \u0111\u01b0\u1ee3c \u0111\u1ec1 c\u1eadp). Ch\u00fang t\u00f4i kh\u00f4ng c\u1ed1 \u00fd thu th\u1eadp D\u1eef li\u1ec7u C\u00e1 nh\u00e2n t\u1eeb c\u00e1c c\u00e1 nh\u00e2n d\u01b0\u1edbi 18 tu\u1ed5i. <\/p><ol start=\"5\"><li><b> C\u1eacP NH\u1eacT<\/b><\/li><\/ol><p>Ch\u00fang t\u00f4i s\u1ebd r\u00e0 so\u00e1t l\u1ea1i v\u00e0 c\u1eadp nh\u1eadt Ch\u00ednh s\u00e1ch quy\u1ec1n ri\u00eang t\u01b0 n\u00e0y theo th\u1eddi gian. M\u1ecdi thay \u0111\u1ed5i \u0111\u1ed1i v\u1edbi Ch\u00ednh s\u00e1ch quy\u1ec1n ri\u00eang t\u01b0 n\u00e0y s\u1ebd \u0111\u01b0\u1ee3c \u0111\u0103ng tr\u00ean trang Web c\u1ee7a ch\u00fang t\u00f4i v\u00e0 s\u1ebd \u0111\u01b0\u1ee3c th\u00f4ng b\u00e1o cho b\u1ea1n trong kho\u1ea3ng th\u1eddi gian ph\u00f9 h\u1ee3p. <\/p><ol start=\"6\"><li><b> LI\u00caN L\u1ea0C<\/b><\/li><\/ol><p>N\u1ebfu b\u1ea1n c\u00f3 b\u1ea5t k\u1ef3 c\u00e2u h\u1ecfi n\u00e0o kh\u00e1c, ph\u1ea3n \u0111\u1ed1i vi\u1ec7c ch\u00fang t\u00f4i s\u1eed d\u1ee5ng D\u1eef li\u1ec7u C\u00e1 nh\u00e2n c\u1ee7a b\u1ea1n ho\u1eb7c khi\u1ebfu n\u1ea1i v\u1ec1 Ch\u00ednh s\u00e1ch b\u1ea3o m\u1eadt d\u1eef li\u1ec7u c\u00e1 nh\u00e2n n\u00e0y ho\u1eb7c v\u1ec1 vi\u1ec7c ch\u00fang t\u00f4i x\u1eed l\u00fd D\u1eef li\u1ec7u C\u00e1 nh\u00e2n c\u1ee7a b\u1ea1n, b\u1ea1n c\u00f3 th\u1ec3 g\u1ecdi \u0111\u1ebfn hotline 1900 633315.<\/p>\t\t\t\t\t\t<\/div>\n\t\t\t\t<\/div>\n\t\t\t\t\t<\/div>\n\t\t<\/div>\n\t\t\t\t\t\t\t<\/div>\n\t\t<\/section>\n\t\t\t\t\t<\/div>\n\t\t<\/div>\n\t\t\t\t\t\t\t<\/div>\n\t\t<\/section>\n\t\t\t\t\t\t<\/div>\n\t\t\t\t\t<\/div>\n\t\t","protected":false},"excerpt":{"rendered":"<p>CH\u00cdNH S\u00c1CH B\u1ea2O M\u1eacT T\u1ed4NG QUAN Ch\u00ednh s\u00e1ch b\u1ea3o v\u1ec7 quy\u1ec1n ri\u00eang t\u01b0 n\u00e0y \u00e1p d\u1ee5ng cho trang web t\u1ea1i \u0111\u1ecba ch\u1ec9 chillcocktail.com c\u1ee7a C\u00f4ng ty Goody Group d\u00e0nh ri\u00eang cho kh\u00e1ch h\u00e0ng s\u1eed d\u1ee5ng v\u00e0 tham gia ch\u01b0\u01a1ng tr\u00ecnh \u201cM\u1ede T\u1ee4 \u0110\u1ea6U N\u0102M &#8211; TA-R\u00d3T CHILL\u201d. Vui l\u00f2ng \u0111\u1ecdc Ch\u00ednh s\u00e1ch quy\u1ec1n ri\u00eang t\u01b0 &hellip;<\/p>\n<p class=\"read-more\"> <a class=\"\" href=\"https:\/\/chillcocktail.com\/en\/privacy\/\"> <span class=\"screen-reader-text\">Privacy<\/span> Read More \u00bb<\/a><\/p>\n","protected":false},"author":1,"featured_media":0,"parent":0,"menu_order":0,"comment_status":"closed","ping_status":"closed","template":"elementor_header_footer","meta":{"site-sidebar-layout":"no-sidebar","site-content-layout":"page-builder","ast-main-header-display":"","ast-hfb-above-header-display":"","ast-hfb-below-header-display":"","ast-hfb-mobile-header-display":"","site-post-title":"disabled","ast-breadcrumbs-content":"","ast-featured-img":"disabled","footer-sml-layout":"","theme-transparent-header-meta":"default","adv-header-id-meta":"","stick-header-meta":"default","header-above-stick-meta":"","header-main-stick-meta":"","header-below-stick-meta":"","footnotes":""},"class_list":["post-3494","page","type-page","status-publish","hentry"],"_links":{"self":[{"href":"https:\/\/chillcocktail.com\/en\/wp-json\/wp\/v2\/pages\/3494","targetHints":{"allow":["GET"]}}],"collection":[{"href":"https:\/\/chillcocktail.com\/en\/wp-json\/wp\/v2\/pages"}],"about":[{"href":"https:\/\/chillcocktail.com\/en\/wp-json\/wp\/v2\/types\/page"}],"author":[{"embeddable":true,"href":"https:\/\/chillcocktail.com\/en\/wp-json\/wp\/v2\/users\/1"}],"replies":[{"embeddable":true,"href":"https:\/\/chillcocktail.com\/en\/wp-json\/wp\/v2\/comments?post=3494"}],"version-history":[{"count":1,"href":"https:\/\/chillcocktail.com\/en\/wp-json\/wp\/v2\/pages\/3494\/revisions"}],"predecessor-version":[{"id":3495,"href":"https:\/\/chillcocktail.com\/en\/wp-json\/wp\/v2\/pages\/3494\/revisions\/3495"}],"wp:attachment":[{"href":"https:\/\/chillcocktail.com\/en\/wp-json\/wp\/v2\/media?parent=3494"}],"curies":[{"name":"wp","href":"https:\/\/api.w.org\/{rel}","templated":true}]}}